{"id":831,"date":"2018-11-22T09:38:01","date_gmt":"2018-11-22T08:38:01","guid":{"rendered":"http:\/\/www.martipala.com\/?page_id=831"},"modified":"2018-11-22T09:38:01","modified_gmt":"2018-11-22T08:38:01","slug":"contacto","status":"publish","type":"page","link":"http:\/\/www.martipala.com\/ca\/contacto\/","title":{"rendered":"Contacto"},"content":{"rendered":"<div class=\"wpb-content-wrapper\"><p>[vc_row unlock_row_content=&#8221;yes&#8221; row_height_percent=&#8221;0&#8243; override_padding=&#8221;yes&#8221; h_padding=&#8221;0&#8243; top_padding=&#8221;0&#8243; bottom_padding=&#8221;0&#8243; overlay_alpha=&#8221;50&#8243; gutter_size=&#8221;0&#8243; column_width_percent=&#8221;100&#8243; border_color=&#8221;transparent&#8221; border_style=&#8221;solid&#8221; shift_y=&#8221;0&#8243; z_index=&#8221;0&#8243; css=&#8221;.vc_custom_1539944881849{border-right-width: 36px !important;border-left-width: 36px !important;}&#8221;][vc_column column_width_percent=&#8221;100&#8243; override_padding=&#8221;yes&#8221; column_padding=&#8221;0&#8243; overlay_alpha=&#8221;50&#8243; gutter_size=&#8221;0&#8243; medium_width=&#8221;0&#8243; mobile_width=&#8221;0&#8243; shift_x=&#8221;0&#8243; shift_y=&#8221;0&#8243; shift_y_down=&#8221;0&#8243; z_index=&#8221;0&#8243; width=&#8221;1\/1&#8243;][vc_gmaps zoom=&#8221;14&#8243; map_saturation=&#8221;-20&#8243; map_brightness=&#8221;5&#8243; latlon=&#8221;41.3769682,2.1210313&#8243; size=&#8221;500&#8243;][\/vc_column][\/vc_row][vc_row row_height_percent=&#8221;0&#8243; override_padding=&#8221;yes&#8221; h_padding=&#8221;2&#8243; top_padding=&#8221;5&#8243; bottom_padding=&#8221;5&#8243; overlay_alpha=&#8221;50&#8243; gutter_size=&#8221;3&#8243; column_width_percent=&#8221;100&#8243; shift_y=&#8221;0&#8243; z_index=&#8221;0&#8243;][vc_column column_width_percent=&#8221;100&#8243; overlay_alpha=&#8221;50&#8243; gutter_size=&#8221;2&#8243; medium_width=&#8221;0&#8243; mobile_width=&#8221;0&#8243; shift_x=&#8221;0&#8243; shift_y=&#8221;0&#8243; shift_y_down=&#8221;0&#8243; z_index=&#8221;0&#8243; width=&#8221;1\/2&#8243; el_class=&#8221;mp_padding-right mp_icons-contact&#8221;][vc_custom_heading text_size=&#8221;h5&#8243;]Contacte[\/vc_custom_heading][vc_custom_heading heading_semantic=&#8221;h3&#8243;]Volem con\u00e8ixer-te[\/vc_custom_heading][vc_empty_space empty_h=&#8221;1&#8243;][vc_column_text]Posa&#8217;t en contacte amb nosaltres perqu\u00e8 puguem con\u00e8ixer-te i treballar junts. Pots fer-ho a trav\u00e9s de la web o si ho prefereixes pots fer-ho via email o tel\u00e8fon.[\/vc_column_text][vc_empty_space empty_h=&#8221;0&#8243;][vc_icon position=&#8221;left&#8221; icon_image=&#8221;187&#8243; heading_semantic=&#8221;div&#8221; text_size=&#8221;h4&#8243; linked_title=&#8221;yes&#8221; el_class=&#8221;mp_contact-icons&#8221; link=&#8221;url:https%3A%2F%2Fgoo.gl%2Fmaps%2FGDSQZQtzyu12||target:%20_blank|&#8221; title=&#8221;Carrer Onze de Setembre, 4&#8243;]<a href=\"https:\/\/goo.gl\/maps\/GDSQZQtzyu12\" target=\"_blank\" rel=\"noopener\">08903 Hospitalet de Llobregat<\/a>[\/vc_icon][vc_icon position=&#8221;left&#8221; icon_image=&#8221;185&#8243; heading_semantic=&#8221;div&#8221; text_size=&#8221;h4&#8243; linked_title=&#8221;yes&#8221; el_class=&#8221;mp_contact-icons&#8221; link=&#8221;url:tel%3A93%20448%2070%2050|||&#8221; title=&#8221;93 448 70 50&#8243;][\/vc_icon][vc_icon position=&#8221;left&#8221; icon_image=&#8221;184&#8243; heading_semantic=&#8221;div&#8221; text_size=&#8221;h4&#8243; linked_title=&#8221;yes&#8221; el_class=&#8221;mp_contact-icons&#8221; link=&#8221;url:tel%3A93%20448%2070%2051|||&#8221; title=&#8221;93 448 70 51&#8243;][\/vc_icon][vc_icon position=&#8221;left&#8221; icon_image=&#8221;186&#8243; heading_semantic=&#8221;div&#8221; text_size=&#8221;h4&#8243; linked_title=&#8221;yes&#8221; el_class=&#8221;mp_contact-icons&#8221; link=&#8221;url:mailto%3Amartipala%40martipala.com|||&#8221; title=&#8221;martipala@martipala.com&#8221;][\/vc_icon][\/vc_column][vc_column width=&#8221;1\/2&#8243;][vc_empty_space empty_h=&#8221;1&#8243; medium_visibility=&#8221;yes&#8221; mobile_visibility=&#8221;yes&#8221;]\n<div class=\"wpcf7 no-js\" id=\"wpcf7-f829-o1\" lang=\"es-ES\" dir=\"ltr\" data-wpcf7-id=\"829\">\n<div class=\"screen-reader-response\"><p role=\"status\" aria-live=\"polite\" aria-atomic=\"true\"><\/p> <ul><\/ul><\/div>\n<form action=\"\/ca\/wp-json\/wp\/v2\/pages\/831#wpcf7-f829-o1\" method=\"post\" class=\"wpcf7-form init wpcf7-acceptance-as-validation\" aria-label=\"Formulario de contacto\" novalidate=\"novalidate\" data-status=\"init\">\n<div style=\"display: none;\">\n<input type=\"hidden\" name=\"_wpcf7\" value=\"829\" \/>\n<input type=\"hidden\" name=\"_wpcf7_version\" value=\"6.0.5\" \/>\n<input type=\"hidden\" name=\"_wpcf7_locale\" value=\"es_ES\" \/>\n<input type=\"hidden\" name=\"_wpcf7_unit_tag\" value=\"wpcf7-f829-o1\" \/>\n<input type=\"hidden\" name=\"_wpcf7_container_post\" value=\"0\" \/>\n<input type=\"hidden\" name=\"_wpcf7_posted_data_hash\" value=\"\" \/>\n<\/div>\n<div class=\"mp_md-col\">\n\t<p><span class=\"wpcf7-form-control-wrap\" data-name=\"your-name\"><input size=\"40\" maxlength=\"400\" class=\"wpcf7-form-control wpcf7-text wpcf7-validates-as-required\" aria-required=\"true\" aria-invalid=\"false\" placeholder=\"Nom i cognoms\" value=\"\" type=\"text\" name=\"your-name\" \/><\/span>\n\t<\/p>\n<\/div>\n<div class=\"mp_md-col\">\n\t<p><span class=\"wpcf7-form-control-wrap\" data-name=\"your-email\"><input size=\"40\" maxlength=\"400\" class=\"wpcf7-form-control wpcf7-email wpcf7-validates-as-required wpcf7-text wpcf7-validates-as-email\" aria-required=\"true\" aria-invalid=\"false\" placeholder=\"Correu electr\u00f2nic\" value=\"\" type=\"email\" name=\"your-email\" \/><\/span>\n\t<\/p>\n<\/div>\n<div class=\"mp_md-col\">\n\t<p><span class=\"wpcf7-form-control-wrap\" data-name=\"your-phone\"><input size=\"40\" maxlength=\"400\" class=\"wpcf7-form-control wpcf7-tel wpcf7-validates-as-required wpcf7-text wpcf7-validates-as-tel\" aria-required=\"true\" aria-invalid=\"false\" placeholder=\"Tel\u00e8fon\" value=\"\" type=\"tel\" name=\"your-phone\" \/><\/span>\n\t<\/p>\n<\/div>\n<div class=\"mp_md-col\">\n\t<p><span class=\"wpcf7-form-control-wrap\" data-name=\"empresa\"><input size=\"40\" maxlength=\"400\" class=\"wpcf7-form-control wpcf7-text wpcf7-validates-as-required\" aria-required=\"true\" aria-invalid=\"false\" placeholder=\"Empresa\" value=\"\" type=\"text\" name=\"empresa\" \/><\/span>\n\t<\/p>\n<\/div>\n<div class=\"mp_md-col-full\">\n\t<p><span class=\"wpcf7-form-control-wrap\" data-name=\"your-message\"><textarea cols=\"40\" rows=\"10\" maxlength=\"2000\" class=\"wpcf7-form-control wpcf7-textarea\" aria-invalid=\"false\" placeholder=\"Missatge\" name=\"your-message\"><\/textarea><\/span>\n\t<\/p>\n<\/div>\n<div class=\"mp_md-col-full\">\n\t<p><span class=\"wpcf7-form-control-wrap\" data-name=\"acceptance-306\"><span class=\"wpcf7-form-control wpcf7-acceptance\"><span class=\"wpcf7-list-item\"><input type=\"checkbox\" name=\"acceptance-306\" value=\"1\" aria-invalid=\"false\" \/><\/span><\/span><\/span> He llegit i accepto la <a href=\"http:\/\/www.martipala.com\/ca\/politica-privacidad\/\" target=\"_blank\">Pol\u00edtica de Privacitat<\/a>\n\t<\/p>\n<\/div>\n<div>\n\t<p><input class=\"wpcf7-form-control wpcf7-submit has-spinner btn\" type=\"submit\" value=\"Enviar\" \/>\n\t<\/p>\n<\/div><div class=\"wpcf7-response-output\" aria-hidden=\"true\"><\/div>\n<\/form>\n<\/div>\n[\/vc_column][\/vc_row]<\/p>\n<\/div>","protected":false},"excerpt":{"rendered":"<p>[vc_row unlock_row_content=&#8221;yes&#8221; row_height_percent=&#8221;0&#8243; override_padding=&#8221;yes&#8221; h_padding=&#8221;0&#8243; top_padding=&#8221;0&#8243; bottom_padding=&#8221;0&#8243; overlay_alpha=&#8221;50&#8243; gutter_size=&#8221;0&#8243; column_width_percent=&#8221;100&#8243; border_color=&#8221;transparent&#8221; border_style=&#8221;solid&#8221; shift_y=&#8221;0&#8243; z_index=&#8221;0&#8243; css=&#8221;.vc_custom_1539944881849{border-right-width: 36px !important;border-left-width: 36px !important;}&#8221;][vc_column column_width_percent=&#8221;100&#8243; [&hellip;]<\/p>\n","protected":false},"author":1,"featured_media":0,"parent":0,"menu_order":0,"comment_status":"closed","ping_status":"closed","template":"","meta":{"_joinchat":[],"footnotes":""},"class_list":["post-831","page","type-page","status-publish","hentry"],"_links":{"self":[{"href":"http:\/\/www.martipala.com\/ca\/wp-json\/wp\/v2\/pages\/831","targetHints":{"allow":["GET"]}}],"collection":[{"href":"http:\/\/www.martipala.com\/ca\/wp-json\/wp\/v2\/pages"}],"about":[{"href":"http:\/\/www.martipala.com\/ca\/wp-json\/wp\/v2\/types\/page"}],"author":[{"embeddable":true,"href":"http:\/\/www.martipala.com\/ca\/wp-json\/wp\/v2\/users\/1"}],"replies":[{"embeddable":true,"href":"http:\/\/www.martipala.com\/ca\/wp-json\/wp\/v2\/comments?post=831"}],"version-history":[{"count":0,"href":"http:\/\/www.martipala.com\/ca\/wp-json\/wp\/v2\/pages\/831\/revisions"}],"wp:attachment":[{"href":"http:\/\/www.martipala.com\/ca\/wp-json\/wp\/v2\/media?parent=831"}],"curies":[{"name":"wp","href":"https:\/\/api.w.org\/{rel}","templated":true}]}}