{"id":755,"date":"2018-11-21T16:48:21","date_gmt":"2018-11-21T15:48:21","guid":{"rendered":"http:\/\/www.martipala.com\/?page_id=755"},"modified":"2018-11-29T16:07:20","modified_gmt":"2018-11-29T15:07:20","slug":"proyectos-ingenieria","status":"publish","type":"page","link":"http:\/\/www.martipala.com\/ca\/servicios\/proyectos-ingenieria\/","title":{"rendered":"Proyectos ingenier\u00eda"},"content":{"rendered":"<div class=\"wpb-content-wrapper\"><p>[vc_row row_height_percent=&#8221;0&#8243; override_padding=&#8221;yes&#8221; h_padding=&#8221;2&#8243; top_padding=&#8221;5&#8243; bottom_padding=&#8221;3&#8243; back_color=&#8221;color-xsdn&#8221; overlay_alpha=&#8221;50&#8243; gutter_size=&#8221;3&#8243; column_width_percent=&#8221;100&#8243; shift_y=&#8221;0&#8243; z_index=&#8221;0&#8243;][vc_column column_width_percent=&#8221;100&#8243; overlay_alpha=&#8221;50&#8243; gutter_size=&#8221;2&#8243; medium_width=&#8221;0&#8243; mobile_width=&#8221;0&#8243; shift_x=&#8221;0&#8243; shift_y=&#8221;0&#8243; shift_y_down=&#8221;0&#8243; z_index=&#8221;0&#8243; width=&#8221;1\/2&#8243; el_class=&#8221;mp_padding-right&#8221;][vc_custom_heading text_size=&#8221;h5&#8243;]Serveis[\/vc_custom_heading][vc_custom_heading heading_semantic=&#8221;h3&#8243;]Projectes de\u00a0enginyeria[\/vc_custom_heading][vc_empty_space empty_h=&#8221;0&#8243;][vc_column_text]Marti\u00a0i Pala desenvolupa projectes de tot \u00e0mbit, i per a aix\u00f2 compta amb un equip d&#8217;enginyers i arquitectes especialitzats que assumeixen La direcci\u00f3 de cada projecte de forma individualitzada i realitzen totes les seves fases intermitges fins al lliurament final de les instal\u00b7lacions al client. Cada fase de projecte \u00e9s executada amb els mitjans tecnol\u00f2gics m\u00e9s apropiats, sent sustentada per mitjans de control i gesti\u00f3 que s\u00f3n revisats i avaluats de forma cont\u00ednua amb l&#8217;objectiu de millorar globalment l&#8217;efici\u00e8ncia dels processos involucrats.<\/p>\n<p>Per a l&#8217;execuci\u00f3 d&#8217;aquests projectes, comptem amb una organitzaci\u00f3 altament capacitada per proporcionar una extensa gamma de serveis orientats a satisfer les necessitats del client, promovent l&#8217;\u00fas dels materials adequats.[\/vc_column_text][\/vc_column][vc_column column_width_percent=&#8221;100&#8243; align_horizontal=&#8221;align_right&#8221; overlay_alpha=&#8221;50&#8243; gutter_size=&#8221;0&#8243; align_medium=&#8221;align_right_tablet&#8221; medium_width=&#8221;0&#8243; align_mobile=&#8221;align_center_mobile&#8221; mobile_width=&#8221;0&#8243; shift_x=&#8221;0&#8243; shift_y=&#8221;0&#8243; shift_y_down=&#8221;0&#8243; z_index=&#8221;0&#8243; width=&#8221;1\/2&#8243;][vc_single_image media=&#8221;1012&#8243; media_width_percent=&#8221;100&#8243; el_class=&#8221;mp_left-shadow mp_shadow-white&#8221;][\/vc_column][\/vc_row][vc_row row_height_percent=&#8221;0&#8243; override_padding=&#8221;yes&#8221; h_padding=&#8221;2&#8243; top_padding=&#8221;2&#8243; bottom_padding=&#8221;5&#8243; overlay_alpha=&#8221;50&#8243; gutter_size=&#8221;3&#8243; column_width_percent=&#8221;100&#8243; shift_y=&#8221;0&#8243; z_index=&#8221;0&#8243;][vc_column column_width_percent=&#8221;100&#8243; align_horizontal=&#8221;align_center&#8221; overlay_alpha=&#8221;50&#8243; gutter_size=&#8221;2&#8243; medium_width=&#8221;0&#8243; mobile_width=&#8221;0&#8243; shift_x=&#8221;0&#8243; shift_y=&#8221;0&#8243; shift_y_down=&#8221;0&#8243; z_index=&#8221;0&#8243; width=&#8221;1\/1&#8243;][vc_row_inner row_inner_height_percent=&#8221;0&#8243; force_width_grid=&#8221;yes&#8221; overlay_alpha=&#8221;50&#8243; gutter_size=&#8221;3&#8243; shift_y=&#8221;0&#8243; z_index=&#8221;0&#8243;][vc_column_inner column_width_percent=&#8221;100&#8243; align_horizontal=&#8221;align_center&#8221; gutter_size=&#8221;3&#8243; overlay_alpha=&#8221;50&#8243; medium_width=&#8221;0&#8243; mobile_width=&#8221;0&#8243; shift_x=&#8221;0&#8243; shift_y=&#8221;0&#8243; shift_y_down=&#8221;0&#8243; z_index=&#8221;0&#8243; width=&#8221;1\/3&#8243; el_class=&#8221;mp_animated-icons mp_icons-servicios&#8221;][vc_icon icon_image=&#8221;399&#8243; link=&#8221;|||&#8221; el_class=&#8221;mp_switch-icon1&#8243;][\/vc_icon][vc_custom_heading text_size=&#8221;h3&#8243;]Estudis de viabilitat t\u00e8cnic-econ\u00f2mica i de gesti\u00f3 del finan\u00e7ament[\/vc_custom_heading][\/vc_column_inner][vc_column_inner column_width_percent=&#8221;100&#8243; align_horizontal=&#8221;align_center&#8221; gutter_size=&#8221;3&#8243; overlay_alpha=&#8221;50&#8243; medium_width=&#8221;0&#8243; mobile_width=&#8221;0&#8243; shift_x=&#8221;0&#8243; shift_y=&#8221;0&#8243; shift_y_down=&#8221;0&#8243; z_index=&#8221;0&#8243; width=&#8221;1\/3&#8243; el_class=&#8221;mp_animated-icons mp_icons-servicios&#8221;][vc_icon icon_image=&#8221;400&#8243; link=&#8221;|||&#8221; el_class=&#8221;mp_switch-icon1&#8243;][\/vc_icon][vc_custom_heading text_size=&#8221;h3&#8243;]Enginyeria[\/vc_custom_heading][\/vc_column_inner][vc_column_inner column_width_percent=&#8221;100&#8243; align_horizontal=&#8221;align_center&#8221; gutter_size=&#8221;3&#8243; overlay_alpha=&#8221;50&#8243; medium_width=&#8221;0&#8243; mobile_width=&#8221;0&#8243; shift_x=&#8221;0&#8243; shift_y=&#8221;0&#8243; shift_y_down=&#8221;0&#8243; z_index=&#8221;0&#8243; width=&#8221;1\/3&#8243; el_class=&#8221;mp_animated-icons mp_icons-servicios&#8221;][vc_icon icon_image=&#8221;402&#8243; link=&#8221;|||&#8221; el_class=&#8221;mp_switch-icon1&#8243;][\/vc_icon][vc_custom_heading text_size=&#8221;h3&#8243;]Legalitzacions[\/vc_custom_heading][\/vc_column_inner][\/vc_row_inner][vc_row_inner row_inner_height_percent=&#8221;0&#8243; force_width_grid=&#8221;yes&#8221; overlay_alpha=&#8221;50&#8243; gutter_size=&#8221;3&#8243; shift_y=&#8221;0&#8243; z_index=&#8221;0&#8243;][vc_column_inner column_width_percent=&#8221;100&#8243; align_horizontal=&#8221;align_center&#8221; gutter_size=&#8221;3&#8243; overlay_alpha=&#8221;50&#8243; medium_width=&#8221;0&#8243; mobile_width=&#8221;0&#8243; shift_x=&#8221;0&#8243; shift_y=&#8221;0&#8243; shift_y_down=&#8221;0&#8243; z_index=&#8221;0&#8243; width=&#8221;1\/3&#8243; el_class=&#8221;mp_animated-icons mp_icons-servicios&#8221;][vc_icon icon_image=&#8221;405&#8243; link=&#8221;|||&#8221; el_class=&#8221;mp_switch-icon1&#8243;][\/vc_icon][vc_custom_heading text_size=&#8221;h3&#8243;]Projectes d&#8217;activitat i instal\u00b7lacions[\/vc_custom_heading][\/vc_column_inner][vc_column_inner column_width_percent=&#8221;100&#8243; align_horizontal=&#8221;align_center&#8221; gutter_size=&#8221;3&#8243; overlay_alpha=&#8221;50&#8243; medium_width=&#8221;0&#8243; mobile_width=&#8221;0&#8243; shift_x=&#8221;0&#8243; shift_y=&#8221;0&#8243; shift_y_down=&#8221;0&#8243; z_index=&#8221;0&#8243; width=&#8221;1\/3&#8243; el_class=&#8221;mp_animated-icons mp_icons-servicios&#8221;][vc_icon icon_image=&#8221;398&#8243; link=&#8221;|||&#8221; el_class=&#8221;mp_switch-icon1&#8243;][\/vc_icon][vc_custom_heading text_size=&#8221;h3&#8243;]Certificats i butlletins oficials d&#8217;instal\u00b7lacions[\/vc_custom_heading][\/vc_column_inner][vc_column_inner column_width_percent=&#8221;100&#8243; align_horizontal=&#8221;align_center&#8221; gutter_size=&#8221;3&#8243; overlay_alpha=&#8221;50&#8243; medium_width=&#8221;0&#8243; mobile_width=&#8221;0&#8243; shift_x=&#8221;0&#8243; shift_y=&#8221;0&#8243; shift_y_down=&#8221;0&#8243; z_index=&#8221;0&#8243; width=&#8221;1\/3&#8243; el_class=&#8221;mp_animated-icons mp_icons-servicios&#8221;][vc_icon icon_image=&#8221;401&#8243; link=&#8221;|||&#8221; el_class=&#8221;mp_switch-icon1&#8243;][\/vc_icon][vc_custom_heading text_size=&#8221;h3&#8243;]Engegada de les instal\u00b7lacions i formaci\u00f3 final[\/vc_custom_heading][\/vc_column_inner][\/vc_row_inner][vc_row_inner row_inner_height_percent=&#8221;0&#8243; force_width_grid=&#8221;yes&#8221; overlay_alpha=&#8221;50&#8243; gutter_size=&#8221;3&#8243; shift_y=&#8221;0&#8243; z_index=&#8221;0&#8243;][vc_column_inner column_width_percent=&#8221;100&#8243; align_horizontal=&#8221;align_center&#8221; gutter_size=&#8221;3&#8243; overlay_alpha=&#8221;50&#8243; medium_width=&#8221;0&#8243; mobile_width=&#8221;0&#8243; shift_x=&#8221;0&#8243; shift_y=&#8221;0&#8243; shift_y_down=&#8221;0&#8243; z_index=&#8221;0&#8243; width=&#8221;1\/3&#8243; el_class=&#8221;mp_animated-icons mp_icons-servicios&#8221;][vc_icon icon_image=&#8221;404&#8243; link=&#8221;|||&#8221; el_class=&#8221;mp_switch-icon1&#8243;][\/vc_icon][vc_custom_heading text_size=&#8221;h3&#8243;]Planificaci\u00f3 i control[\/vc_custom_heading][\/vc_column_inner][vc_column_inner column_width_percent=&#8221;100&#8243; align_horizontal=&#8221;align_center&#8221; gutter_size=&#8221;3&#8243; overlay_alpha=&#8221;50&#8243; medium_width=&#8221;0&#8243; mobile_width=&#8221;0&#8243; shift_x=&#8221;0&#8243; shift_y=&#8221;0&#8243; shift_y_down=&#8221;0&#8243; z_index=&#8221;0&#8243; width=&#8221;1\/3&#8243; el_class=&#8221;mp_animated-icons mp_icons-servicios&#8221;][vc_icon icon_image=&#8221;403&#8243; link=&#8221;|||&#8221; el_class=&#8221;mp_switch-icon1&#8243;][\/vc_icon][vc_custom_heading text_size=&#8221;h3&#8243;]Muntatge[\/vc_custom_heading][\/vc_column_inner][vc_column_inner column_width_percent=&#8221;100&#8243; align_horizontal=&#8221;align_center&#8221; gutter_size=&#8221;3&#8243; overlay_alpha=&#8221;50&#8243; medium_width=&#8221;0&#8243; mobile_width=&#8221;0&#8243; shift_x=&#8221;0&#8243; shift_y=&#8221;0&#8243; shift_y_down=&#8221;0&#8243; z_index=&#8221;0&#8243; width=&#8221;1\/3&#8243; el_class=&#8221;mp_animated-icons mp_icons-servicios&#8221;][vc_icon icon_image=&#8221;406&#8243; link=&#8221;|||&#8221; el_class=&#8221;mp_switch-icon1&#8243;][\/vc_icon][vc_custom_heading text_size=&#8221;h3&#8243;]Contractacions de subministraments[\/vc_custom_heading][\/vc_column_inner][\/vc_row_inner][\/vc_column][\/vc_row]<\/p>\n<\/div>","protected":false},"excerpt":{"rendered":"<p>[vc_row row_height_percent=&#8221;0&#8243; override_padding=&#8221;yes&#8221; h_padding=&#8221;2&#8243; top_padding=&#8221;5&#8243; bottom_padding=&#8221;3&#8243; back_color=&#8221;color-xsdn&#8221; overlay_alpha=&#8221;50&#8243; gutter_size=&#8221;3&#8243; column_width_percent=&#8221;100&#8243; shift_y=&#8221;0&#8243; z_index=&#8221;0&#8243;][vc_column column_width_percent=&#8221;100&#8243; overlay_alpha=&#8221;50&#8243; gutter_size=&#8221;2&#8243; medium_width=&#8221;0&#8243; mobile_width=&#8221;0&#8243; shift_x=&#8221;0&#8243; shift_y=&#8221;0&#8243; shift_y_down=&#8221;0&#8243; [&hellip;]<\/p>\n","protected":false},"author":1,"featured_media":0,"parent":783,"menu_order":0,"comment_status":"closed","ping_status":"closed","template":"","meta":{"_joinchat":[],"footnotes":""},"class_list":["post-755","page","type-page","status-publish","hentry"],"_links":{"self":[{"href":"http:\/\/www.martipala.com\/ca\/wp-json\/wp\/v2\/pages\/755","targetHints":{"allow":["GET"]}}],"collection":[{"href":"http:\/\/www.martipala.com\/ca\/wp-json\/wp\/v2\/pages"}],"about":[{"href":"http:\/\/www.martipala.com\/ca\/wp-json\/wp\/v2\/types\/page"}],"author":[{"embeddable":true,"href":"http:\/\/www.martipala.com\/ca\/wp-json\/wp\/v2\/users\/1"}],"replies":[{"embeddable":true,"href":"http:\/\/www.martipala.com\/ca\/wp-json\/wp\/v2\/comments?post=755"}],"version-history":[{"count":0,"href":"http:\/\/www.martipala.com\/ca\/wp-json\/wp\/v2\/pages\/755\/revisions"}],"up":[{"embeddable":true,"href":"http:\/\/www.martipala.com\/ca\/wp-json\/wp\/v2\/pages\/783"}],"wp:attachment":[{"href":"http:\/\/www.martipala.com\/ca\/wp-json\/wp\/v2\/media?parent=755"}],"curies":[{"name":"wp","href":"https:\/\/api.w.org\/{rel}","templated":true}]}}