{"id":751,"date":"2018-11-21T16:38:43","date_gmt":"2018-11-21T15:38:43","guid":{"rendered":"http:\/\/www.martipala.com\/?page_id=751"},"modified":"2018-11-26T14:01:44","modified_gmt":"2018-11-26T13:01:44","slug":"fluidos-y-gas","status":"publish","type":"page","link":"http:\/\/www.martipala.com\/ca\/servicios\/fluidos-y-gas\/","title":{"rendered":"Fluidos y gas"},"content":{"rendered":"<div class=\"wpb-content-wrapper\"><p>[vc_row row_height_percent=&#8221;0&#8243; override_padding=&#8221;yes&#8221; h_padding=&#8221;2&#8243; top_padding=&#8221;5&#8243; bottom_padding=&#8221;3&#8243; back_color=&#8221;color-xsdn&#8221; overlay_alpha=&#8221;50&#8243; gutter_size=&#8221;3&#8243; column_width_percent=&#8221;100&#8243; shift_y=&#8221;0&#8243; z_index=&#8221;0&#8243;][vc_column column_width_percent=&#8221;100&#8243; overlay_alpha=&#8221;50&#8243; gutter_size=&#8221;2&#8243; medium_width=&#8221;0&#8243; mobile_width=&#8221;0&#8243; shift_x=&#8221;0&#8243; shift_y=&#8221;0&#8243; shift_y_down=&#8221;0&#8243; z_index=&#8221;0&#8243; width=&#8221;1\/2&#8243; el_class=&#8221;mp_padding-right mp_with-icon-list-color&#8221;][vc_custom_heading text_size=&#8221;h5&#8243;]Serveis[\/vc_custom_heading][vc_custom_heading heading_semantic=&#8221;h3&#8243;]Fluids, Sistemes Contraincendis i Gas[\/vc_custom_heading][vc_empty_space empty_h=&#8221;0&#8243;][vc_column_text]Analitzem, calculem, dissenyem i instal\u00b7lem les sol\u00b7lucions m\u00e9s ideals per a satisfer les necessitats que ens plantegin, dins del camp de la conducci\u00f3 de fluids (aigua, gasos liquats, instalacions petroliferes) tant a nivell industrial com a nivell particular.<\/p>\n<p>Realitzem conduccions d\u2019aigua sanitaria, instal\u00b7lacions de gas ciutat aix\u00ed com de gas envasat (but\u00e0, prop\u00e0, gas ciutat). Tot aix\u00f2 amb gran diversitat de materials, acers inoxidables, ferro, al\u00b7lumini, PPR, PVC, polietil\u00e8, etc&#8230;[\/vc_column_text][uncode_list icon=&#8221;fa fa-circle-check&#8221; icon_color=&#8221;accent&#8221;]<\/p>\n<ul>\n<li>Grups de bombeig contraincendis<\/li>\n<li>Manteniment i reparaci\u00f3<\/li>\n<li>Nova instal\u00b7laci\u00f3 i modernitzaci\u00f3<\/li>\n<\/ul>\n<p>[\/uncode_list][\/vc_column][vc_column column_width_percent=&#8221;100&#8243; align_horizontal=&#8221;align_right&#8221; overlay_alpha=&#8221;50&#8243; gutter_size=&#8221;0&#8243; align_medium=&#8221;align_right_tablet&#8221; medium_width=&#8221;0&#8243; align_mobile=&#8221;align_center_mobile&#8221; mobile_width=&#8221;0&#8243; shift_x=&#8221;0&#8243; shift_y=&#8221;0&#8243; shift_y_down=&#8221;0&#8243; z_index=&#8221;0&#8243; width=&#8221;1\/2&#8243;][vc_single_image media=&#8221;955&#8243; media_width_percent=&#8221;100&#8243; el_class=&#8221;mp_left-shadow mp_shadow-white&#8221;][\/vc_column][\/vc_row][vc_row row_height_percent=&#8221;0&#8243; override_padding=&#8221;yes&#8221; h_padding=&#8221;2&#8243; top_padding=&#8221;2&#8243; bottom_padding=&#8221;5&#8243; overlay_alpha=&#8221;50&#8243; gutter_size=&#8221;3&#8243; column_width_percent=&#8221;100&#8243; shift_y=&#8221;0&#8243; z_index=&#8221;0&#8243;][vc_column column_width_percent=&#8221;100&#8243; align_horizontal=&#8221;align_center&#8221; overlay_alpha=&#8221;50&#8243; gutter_size=&#8221;2&#8243; medium_width=&#8221;0&#8243; mobile_width=&#8221;0&#8243; shift_x=&#8221;0&#8243; shift_y=&#8221;0&#8243; shift_y_down=&#8221;0&#8243; z_index=&#8221;0&#8243; width=&#8221;1\/1&#8243;][vc_row_inner row_inner_height_percent=&#8221;0&#8243; force_width_grid=&#8221;yes&#8221; overlay_alpha=&#8221;50&#8243; gutter_size=&#8221;3&#8243; shift_y=&#8221;0&#8243; z_index=&#8221;0&#8243;][vc_column_inner column_width_percent=&#8221;100&#8243; align_horizontal=&#8221;align_center&#8221; gutter_size=&#8221;3&#8243; overlay_alpha=&#8221;50&#8243; medium_width=&#8221;0&#8243; mobile_width=&#8221;0&#8243; shift_x=&#8221;0&#8243; shift_y=&#8221;0&#8243; shift_y_down=&#8221;0&#8243; z_index=&#8221;0&#8243; width=&#8221;1\/3&#8243; el_class=&#8221;mp_animated-icons mp_icons-servicios&#8221;][vc_icon icon_image=&#8221;394&#8243; link=&#8221;|||&#8221; el_class=&#8221;mp_switch-icon1&#8243;][\/vc_icon][vc_custom_heading text_size=&#8221;h3&#8243;]Xarxes de hidrants[\/vc_custom_heading][\/vc_column_inner][vc_column_inner column_width_percent=&#8221;100&#8243; align_horizontal=&#8221;align_center&#8221; gutter_size=&#8221;3&#8243; overlay_alpha=&#8221;50&#8243; medium_width=&#8221;0&#8243; mobile_width=&#8221;0&#8243; shift_x=&#8221;0&#8243; shift_y=&#8221;0&#8243; shift_y_down=&#8221;0&#8243; z_index=&#8221;0&#8243; width=&#8221;1\/3&#8243; el_class=&#8221;mp_animated-icons mp_icons-servicios&#8221;][vc_icon icon_image=&#8221;392&#8243; link=&#8221;|||&#8221; el_class=&#8221;mp_switch-icon1&#8243;][\/vc_icon][vc_custom_heading text_size=&#8221;h3&#8243;]Sistemes fixes de ruixadors automatics[\/vc_custom_heading][\/vc_column_inner][vc_column_inner column_width_percent=&#8221;100&#8243; align_horizontal=&#8221;align_center&#8221; gutter_size=&#8221;3&#8243; overlay_alpha=&#8221;50&#8243; medium_width=&#8221;0&#8243; mobile_width=&#8221;0&#8243; shift_x=&#8221;0&#8243; shift_y=&#8221;0&#8243; shift_y_down=&#8221;0&#8243; z_index=&#8221;0&#8243; width=&#8221;1\/3&#8243; el_class=&#8221;mp_animated-icons mp_icons-servicios&#8221;][vc_icon icon_image=&#8221;393&#8243; link=&#8221;|||&#8221; el_class=&#8221;mp_switch-icon1&#8243;][\/vc_icon][vc_custom_heading text_size=&#8221;h3&#8243;]Xarxes de BIES[\/vc_custom_heading][\/vc_column_inner][\/vc_row_inner][vc_row_inner row_inner_height_percent=&#8221;0&#8243; force_width_grid=&#8221;yes&#8221; overlay_alpha=&#8221;50&#8243; gutter_size=&#8221;3&#8243; shift_y=&#8221;0&#8243; z_index=&#8221;0&#8243;][vc_column_inner column_width_percent=&#8221;100&#8243; align_horizontal=&#8221;align_center&#8221; gutter_size=&#8221;3&#8243; overlay_alpha=&#8221;50&#8243; medium_width=&#8221;0&#8243; mobile_width=&#8221;0&#8243; shift_x=&#8221;0&#8243; shift_y=&#8221;0&#8243; shift_y_down=&#8221;0&#8243; z_index=&#8221;0&#8243; width=&#8221;1\/3&#8243; el_class=&#8221;mp_animated-icons mp_icons-servicios&#8221;][vc_icon icon_image=&#8221;389&#8243; link=&#8221;|||&#8221; el_class=&#8221;mp_switch-icon1&#8243;][\/vc_icon][vc_custom_heading text_size=&#8221;h3&#8243;]Columna seca[\/vc_custom_heading][\/vc_column_inner][vc_column_inner column_width_percent=&#8221;100&#8243; align_horizontal=&#8221;align_center&#8221; gutter_size=&#8221;3&#8243; overlay_alpha=&#8221;50&#8243; medium_width=&#8221;0&#8243; mobile_width=&#8221;0&#8243; shift_x=&#8221;0&#8243; shift_y=&#8221;0&#8243; shift_y_down=&#8221;0&#8243; z_index=&#8221;0&#8243; width=&#8221;1\/3&#8243; el_class=&#8221;mp_animated-icons mp_icons-servicios&#8221;][vc_icon icon_image=&#8221;390&#8243; link=&#8221;|||&#8221; el_class=&#8221;mp_switch-icon1&#8243;][\/vc_icon][vc_custom_heading text_size=&#8221;h3&#8243;]Detecci\u00f3 d\u2019incendis[\/vc_custom_heading][\/vc_column_inner][vc_column_inner column_width_percent=&#8221;100&#8243; align_horizontal=&#8221;align_center&#8221; gutter_size=&#8221;3&#8243; overlay_alpha=&#8221;50&#8243; medium_width=&#8221;0&#8243; mobile_width=&#8221;0&#8243; shift_x=&#8221;0&#8243; shift_y=&#8221;0&#8243; shift_y_down=&#8221;0&#8243; z_index=&#8221;0&#8243; width=&#8221;1\/3&#8243; el_class=&#8221;mp_animated-icons mp_icons-servicios&#8221;][vc_icon icon_image=&#8221;391&#8243; link=&#8221;|||&#8221; el_class=&#8221;mp_switch-icon1&#8243;][\/vc_icon][vc_custom_heading text_size=&#8221;h3&#8243;]Sistemes fixes d\u2019extinci\u00f3 per gasos[\/vc_custom_heading][\/vc_column_inner][\/vc_row_inner][vc_row_inner row_inner_height_percent=&#8221;0&#8243; force_width_grid=&#8221;yes&#8221; overlay_alpha=&#8221;50&#8243; gutter_size=&#8221;3&#8243; shift_y=&#8221;0&#8243; z_index=&#8221;0&#8243;][vc_column_inner column_width_percent=&#8221;100&#8243; align_horizontal=&#8221;align_center&#8221; gutter_size=&#8221;3&#8243; overlay_alpha=&#8221;50&#8243; medium_width=&#8221;0&#8243; mobile_width=&#8221;0&#8243; shift_x=&#8221;0&#8243; shift_y=&#8221;0&#8243; shift_y_down=&#8221;0&#8243; z_index=&#8221;0&#8243; width=&#8221;1\/3&#8243; el_class=&#8221;mp_animated-icons mp_icons-servicios&#8221;][vc_icon icon_image=&#8221;395&#8243; link=&#8221;|||&#8221; el_class=&#8221;mp_switch-icon1&#8243;][\/vc_icon][vc_custom_heading text_size=&#8221;h3&#8243;]Senyalitzaci\u00f3[\/vc_custom_heading][\/vc_column_inner][vc_column_inner column_width_percent=&#8221;100&#8243; align_horizontal=&#8221;align_center&#8221; gutter_size=&#8221;3&#8243; overlay_alpha=&#8221;50&#8243; medium_width=&#8221;0&#8243; mobile_width=&#8221;0&#8243; shift_x=&#8221;0&#8243; shift_y=&#8221;0&#8243; shift_y_down=&#8221;0&#8243; z_index=&#8221;0&#8243; width=&#8221;1\/3&#8243; el_class=&#8221;mp_animated-icons mp_icons-servicios&#8221;][vc_icon icon_image=&#8221;396&#8243; link=&#8221;|||&#8221; el_class=&#8221;mp_switch-icon1&#8243;][\/vc_icon][vc_custom_heading text_size=&#8221;h3&#8243;]Sistemes fixes d\u2019extinci\u00f3[\/vc_custom_heading][\/vc_column_inner][vc_column_inner column_width_percent=&#8221;100&#8243; align_horizontal=&#8221;align_center&#8221; gutter_size=&#8221;3&#8243; overlay_alpha=&#8221;50&#8243; medium_width=&#8221;0&#8243; mobile_width=&#8221;0&#8243; shift_x=&#8221;0&#8243; shift_y=&#8221;0&#8243; shift_y_down=&#8221;0&#8243; z_index=&#8221;0&#8243; width=&#8221;1\/3&#8243; el_class=&#8221;mp_animated-icons mp_icons-servicios&#8221;][vc_icon icon_image=&#8221;388&#8243; link=&#8221;|||&#8221; el_class=&#8221;mp_switch-icon1&#8243;][\/vc_icon][vc_custom_heading text_size=&#8221;h3&#8243;]Detecci\u00f3 de mon\u00f2xid (CO2)[\/vc_custom_heading][\/vc_column_inner][\/vc_row_inner][\/vc_column][\/vc_row]<\/p>\n<\/div>","protected":false},"excerpt":{"rendered":"<p>[vc_row row_height_percent=&#8221;0&#8243; override_padding=&#8221;yes&#8221; h_padding=&#8221;2&#8243; top_padding=&#8221;5&#8243; bottom_padding=&#8221;3&#8243; back_color=&#8221;color-xsdn&#8221; overlay_alpha=&#8221;50&#8243; gutter_size=&#8221;3&#8243; column_width_percent=&#8221;100&#8243; shift_y=&#8221;0&#8243; z_index=&#8221;0&#8243;][vc_column column_width_percent=&#8221;100&#8243; overlay_alpha=&#8221;50&#8243; gutter_size=&#8221;2&#8243; medium_width=&#8221;0&#8243; mobile_width=&#8221;0&#8243; shift_x=&#8221;0&#8243; shift_y=&#8221;0&#8243; shift_y_down=&#8221;0&#8243; [&hellip;]<\/p>\n","protected":false},"author":1,"featured_media":0,"parent":783,"menu_order":0,"comment_status":"closed","ping_status":"closed","template":"","meta":{"_joinchat":[],"footnotes":""},"class_list":["post-751","page","type-page","status-publish","hentry"],"_links":{"self":[{"href":"http:\/\/www.martipala.com\/ca\/wp-json\/wp\/v2\/pages\/751","targetHints":{"allow":["GET"]}}],"collection":[{"href":"http:\/\/www.martipala.com\/ca\/wp-json\/wp\/v2\/pages"}],"about":[{"href":"http:\/\/www.martipala.com\/ca\/wp-json\/wp\/v2\/types\/page"}],"author":[{"embeddable":true,"href":"http:\/\/www.martipala.com\/ca\/wp-json\/wp\/v2\/users\/1"}],"replies":[{"embeddable":true,"href":"http:\/\/www.martipala.com\/ca\/wp-json\/wp\/v2\/comments?post=751"}],"version-history":[{"count":0,"href":"http:\/\/www.martipala.com\/ca\/wp-json\/wp\/v2\/pages\/751\/revisions"}],"up":[{"embeddable":true,"href":"http:\/\/www.martipala.com\/ca\/wp-json\/wp\/v2\/pages\/783"}],"wp:attachment":[{"href":"http:\/\/www.martipala.com\/ca\/wp-json\/wp\/v2\/media?parent=751"}],"curies":[{"name":"wp","href":"https:\/\/api.w.org\/{rel}","templated":true}]}}