{"id":737,"date":"2018-11-21T12:14:01","date_gmt":"2018-11-21T11:14:01","guid":{"rendered":"http:\/\/www.martipala.com\/?page_id=737"},"modified":"2018-11-29T16:09:29","modified_gmt":"2018-11-29T15:09:29","slug":"climatizacion","status":"publish","type":"page","link":"http:\/\/www.martipala.com\/ca\/servicios\/climatizacion\/","title":{"rendered":"Climatizaci\u00f3n"},"content":{"rendered":"<div class=\"wpb-content-wrapper\"><p>[vc_row row_height_percent=&#8221;0&#8243; override_padding=&#8221;yes&#8221; h_padding=&#8221;2&#8243; top_padding=&#8221;5&#8243; bottom_padding=&#8221;5&#8243; back_color=&#8221;color-xsdn&#8221; overlay_alpha=&#8221;50&#8243; gutter_size=&#8221;3&#8243; column_width_percent=&#8221;100&#8243; shift_y=&#8221;0&#8243; z_index=&#8221;0&#8243;][vc_column column_width_percent=&#8221;100&#8243; overlay_alpha=&#8221;50&#8243; gutter_size=&#8221;2&#8243; medium_width=&#8221;0&#8243; mobile_width=&#8221;0&#8243; shift_x=&#8221;0&#8243; shift_y=&#8221;0&#8243; shift_y_down=&#8221;0&#8243; z_index=&#8221;0&#8243; width=&#8221;1\/2&#8243; el_class=&#8221;mp_padding-right&#8221;][vc_custom_heading text_size=&#8221;h5&#8243;]Serveis[\/vc_custom_heading][vc_custom_heading heading_semantic=&#8221;h3&#8243;]Climatitzaci\u00f3[\/vc_custom_heading][vc_empty_space empty_h=&#8221;0&#8243;][vc_column_text]La nostra empresa ofereix el seu coneixement projectant, realitzant i mantenint instal\u00b7lacions de climatitzaci\u00f3, fred\u00a0industrial, calefacci\u00f3 i ACS.\u2028Oferim solucions de disseny, instal\u00b7laci\u00f3, engegada i manteniment.<\/p>\n<p>El nostre equip d&#8217;instal\u00b7ladors esta altament especialitzat en entorns complexos donant sempre solucions pr\u00e0ctiques i eficients als nostres clients. Comptem amb l&#8217;\u00faltima tecnologia relativa a engegades i comunicaci\u00f3 remota d&#8217;instal\u00b7lacions oferint al client un alt est\u00e0ndard de qualitat i garantia.[\/vc_column_text][\/vc_column][vc_column column_width_percent=&#8221;100&#8243; align_horizontal=&#8221;align_right&#8221; overlay_alpha=&#8221;50&#8243; gutter_size=&#8221;0&#8243; align_medium=&#8221;align_right_tablet&#8221; medium_width=&#8221;0&#8243; align_mobile=&#8221;align_center_mobile&#8221; mobile_width=&#8221;0&#8243; shift_x=&#8221;0&#8243; shift_y=&#8221;0&#8243; shift_y_down=&#8221;0&#8243; z_index=&#8221;0&#8243; width=&#8221;1\/2&#8243;][vc_single_image media=&#8221;1018&#8243; media_width_percent=&#8221;100&#8243; el_class=&#8221;mp_left-shadow mp_shadow-white&#8221;][\/vc_column][\/vc_row]<\/p>\n<\/div>","protected":false},"excerpt":{"rendered":"<p>[vc_row row_height_percent=&#8221;0&#8243; override_padding=&#8221;yes&#8221; h_padding=&#8221;2&#8243; top_padding=&#8221;5&#8243; bottom_padding=&#8221;5&#8243; back_color=&#8221;color-xsdn&#8221; overlay_alpha=&#8221;50&#8243; gutter_size=&#8221;3&#8243; column_width_percent=&#8221;100&#8243; shift_y=&#8221;0&#8243; z_index=&#8221;0&#8243;][vc_column column_width_percent=&#8221;100&#8243; overlay_alpha=&#8221;50&#8243; gutter_size=&#8221;2&#8243; medium_width=&#8221;0&#8243; mobile_width=&#8221;0&#8243; shift_x=&#8221;0&#8243; shift_y=&#8221;0&#8243; shift_y_down=&#8221;0&#8243; [&hellip;]<\/p>\n","protected":false},"author":1,"featured_media":0,"parent":783,"menu_order":0,"comment_status":"closed","ping_status":"closed","template":"","meta":{"_joinchat":[],"footnotes":""},"class_list":["post-737","page","type-page","status-publish","hentry"],"_links":{"self":[{"href":"http:\/\/www.martipala.com\/ca\/wp-json\/wp\/v2\/pages\/737","targetHints":{"allow":["GET"]}}],"collection":[{"href":"http:\/\/www.martipala.com\/ca\/wp-json\/wp\/v2\/pages"}],"about":[{"href":"http:\/\/www.martipala.com\/ca\/wp-json\/wp\/v2\/types\/page"}],"author":[{"embeddable":true,"href":"http:\/\/www.martipala.com\/ca\/wp-json\/wp\/v2\/users\/1"}],"replies":[{"embeddable":true,"href":"http:\/\/www.martipala.com\/ca\/wp-json\/wp\/v2\/comments?post=737"}],"version-history":[{"count":0,"href":"http:\/\/www.martipala.com\/ca\/wp-json\/wp\/v2\/pages\/737\/revisions"}],"up":[{"embeddable":true,"href":"http:\/\/www.martipala.com\/ca\/wp-json\/wp\/v2\/pages\/783"}],"wp:attachment":[{"href":"http:\/\/www.martipala.com\/ca\/wp-json\/wp\/v2\/media?parent=737"}],"curies":[{"name":"wp","href":"https:\/\/api.w.org\/{rel}","templated":true}]}}