{"id":726,"date":"2018-11-21T11:19:53","date_gmt":"2018-11-21T10:19:53","guid":{"rendered":"http:\/\/www.martipala.com\/?page_id=726"},"modified":"2018-12-03T11:43:28","modified_gmt":"2018-12-03T10:43:28","slug":"quienes-somos","status":"publish","type":"page","link":"http:\/\/www.martipala.com\/ca\/quienes-somos\/","title":{"rendered":"\u00bfQuienes somos?"},"content":{"rendered":"<div class=\"wpb-content-wrapper\"><p>[vc_row unlock_row_content=&#8221;yes&#8221; row_height_percent=&#8221;0&#8243; back_image=&#8221;938&#8243; back_repeat=&#8221;no-repeat&#8221; back_position=&#8221;center center&#8221; overlay_color=&#8221;color-jevc&#8221; overlay_alpha=&#8221;40&#8243; gutter_size=&#8221;3&#8243; column_width_percent=&#8221;100&#8243; border_color=&#8221;transparent&#8221; border_style=&#8221;solid&#8221; shift_y=&#8221;0&#8243; z_index=&#8221;0&#8243; row_height_pixel=&#8221;300&#8243; css=&#8221;.vc_custom_1543236693861{border-right-width: 36px !important;border-left-width: 36px !important;}&#8221; el_class=&#8221;mp_header&#8221;][vc_column column_width_percent=&#8221;100&#8243; position_vertical=&#8221;middle&#8221; align_horizontal=&#8221;align_center&#8221; overlay_alpha=&#8221;50&#8243; gutter_size=&#8221;3&#8243; medium_visibility=&#8221;yes&#8221; medium_width=&#8221;0&#8243; mobile_visibility=&#8221;yes&#8221; mobile_width=&#8221;0&#8243; shift_x=&#8221;0&#8243; shift_y=&#8221;0&#8243; shift_y_down=&#8221;0&#8243; z_index=&#8221;0&#8243; width=&#8221;1\/4&#8243;][\/vc_column][vc_column column_width_percent=&#8221;100&#8243; position_vertical=&#8221;middle&#8221; align_horizontal=&#8221;align_center&#8221; overlay_alpha=&#8221;50&#8243; gutter_size=&#8221;2&#8243; medium_width=&#8221;7&#8243; mobile_width=&#8221;7&#8243; shift_x=&#8221;0&#8243; shift_y=&#8221;0&#8243; shift_y_down=&#8221;0&#8243; z_index=&#8221;0&#8243; width=&#8221;1\/2&#8243;][vc_custom_heading heading_semantic=&#8221;h1&#8243; text_size=&#8221;h5&#8243;]Qui som?[\/vc_custom_heading][vc_custom_heading]Gaireb\u00e9 un segle d&#8217;experi\u00e8ncia en <strong>ingenieria i instal\u00b7lacions<\/strong>[\/vc_custom_heading][\/vc_column][vc_column column_width_percent=&#8221;100&#8243; overlay_alpha=&#8221;50&#8243; gutter_size=&#8221;3&#8243; medium_visibility=&#8221;yes&#8221; medium_width=&#8221;0&#8243; mobile_visibility=&#8221;yes&#8221; mobile_width=&#8221;0&#8243; shift_x=&#8221;0&#8243; shift_y=&#8221;0&#8243; shift_y_down=&#8221;0&#8243; z_index=&#8221;0&#8243; width=&#8221;1\/4&#8243;][\/vc_column][\/vc_row][vc_row row_height_percent=&#8221;0&#8243; override_padding=&#8221;yes&#8221; h_padding=&#8221;2&#8243; top_padding=&#8221;5&#8243; bottom_padding=&#8221;3&#8243; back_color=&#8221;color-xsdn&#8221; overlay_alpha=&#8221;50&#8243; gutter_size=&#8221;3&#8243; column_width_percent=&#8221;100&#8243; shift_y=&#8221;0&#8243; z_index=&#8221;0&#8243;][vc_column column_width_percent=&#8221;100&#8243; overlay_alpha=&#8221;50&#8243; gutter_size=&#8221;2&#8243; medium_width=&#8221;0&#8243; mobile_width=&#8221;0&#8243; shift_x=&#8221;0&#8243; shift_y=&#8221;0&#8243; shift_y_down=&#8221;0&#8243; z_index=&#8221;0&#8243; width=&#8221;1\/2&#8243; el_class=&#8221;mp_padding-right&#8221;][vc_custom_heading text_size=&#8221;h5&#8243;]L&#8217;empresa[\/vc_custom_heading][vc_custom_heading heading_semantic=&#8221;h3&#8243;]1920, naixement de<br \/>\n<strong>Marti i Pala<\/strong>[\/vc_custom_heading][vc_empty_space empty_h=&#8221;0&#8243;][vc_column_text]Marti i Pala, S.A neix en el 1920. Va ser fundada per dos socis i amics, aprofitant l&#8217;electrificaci\u00f3 de la ciutat de Barcelona. Com a enginyer un i economista l&#8217;altre, van ajuntar els seus coneixements per asseure les bases d&#8217;una de les primeres enginyeries instal\u00b7ladores el\u00e8ctriques a la ciutat de Barcelona.<\/p>\n<p>Despr\u00e9s de gaireb\u00e9 un segle d&#8217;hist\u00f2ria seguim compromesos amb les instal\u00b7lacions el\u00e8ctriques i ens hem adaptat a les exig\u00e8ncies del mercat professionalitzant-nos tamb\u00e9 en diferents \u00e0mbits de les instal\u00b7lacions integrals.[\/vc_column_text][\/vc_column][vc_column column_width_percent=&#8221;100&#8243; align_horizontal=&#8221;align_right&#8221; overlay_alpha=&#8221;50&#8243; gutter_size=&#8221;0&#8243; align_medium=&#8221;align_right_tablet&#8221; medium_width=&#8221;0&#8243; align_mobile=&#8221;align_center_mobile&#8221; mobile_width=&#8221;0&#8243; shift_x=&#8221;0&#8243; shift_y=&#8221;0&#8243; shift_y_down=&#8221;0&#8243; z_index=&#8221;0&#8243; width=&#8221;1\/2&#8243;][vc_single_image media=&#8221;943&#8243; media_width_percent=&#8221;100&#8243; el_class=&#8221;mp_left-shadow mp_shadow-white&#8221;][\/vc_column][\/vc_row][vc_row row_height_percent=&#8221;0&#8243; override_padding=&#8221;yes&#8221; h_padding=&#8221;2&#8243; top_padding=&#8221;3&#8243; bottom_padding=&#8221;5&#8243; overlay_alpha=&#8221;50&#8243; gutter_size=&#8221;3&#8243; column_width_percent=&#8221;100&#8243; shift_y=&#8221;0&#8243; z_index=&#8221;0&#8243;][vc_column column_width_percent=&#8221;100&#8243; align_horizontal=&#8221;align_center&#8221; overlay_alpha=&#8221;50&#8243; gutter_size=&#8221;2&#8243; medium_width=&#8221;0&#8243; mobile_width=&#8221;0&#8243; shift_x=&#8221;0&#8243; shift_y=&#8221;0&#8243; shift_y_down=&#8221;0&#8243; z_index=&#8221;0&#8243; width=&#8221;1\/1&#8243;][vc_row_inner row_inner_height_percent=&#8221;0&#8243; force_width_grid=&#8221;yes&#8221; overlay_alpha=&#8221;50&#8243; gutter_size=&#8221;3&#8243; shift_y=&#8221;0&#8243; z_index=&#8221;0&#8243;][vc_column_inner column_width_percent=&#8221;100&#8243; align_horizontal=&#8221;align_center&#8221; gutter_size=&#8221;3&#8243; overlay_alpha=&#8221;50&#8243; medium_width=&#8221;0&#8243; mobile_width=&#8221;0&#8243; shift_x=&#8221;0&#8243; shift_y=&#8221;0&#8243; shift_y_down=&#8221;0&#8243; z_index=&#8221;0&#8243; width=&#8221;1\/3&#8243; el_class=&#8221;mp_animated-icons&#8221;][vc_icon icon_image=&#8221;203&#8243; link=&#8221;url:http%3A%2F%2Fwww.martipala.com%2Fservicios%2Fproyectos-ingenieria%2F|||&#8221; el_class=&#8221;mp_switch-icon2&#8243;][\/vc_icon][vc_icon icon_image=&#8221;202&#8243; link=&#8221;url:http%3A%2F%2Fwww.martipala.com%2Fservicios%2Fproyectos-ingenieria%2F|||&#8221; el_class=&#8221;mp_switch-icon1&#8243;][\/vc_icon][vc_custom_heading text_size=&#8221;h3&#8243;]Projectes d&#8217;enginyeria[\/vc_custom_heading][vc_button size=&#8221;btn-lg&#8221; border_width=&#8221;0&#8243; link=&#8221;url:http%3A%2F%2Fwww.martipala.com%2Fservicios%2Fproyectos-ingenieria%2F|||&#8221;]Saber m\u00e9s[\/vc_button][\/vc_column_inner][vc_column_inner column_width_percent=&#8221;100&#8243; align_horizontal=&#8221;align_center&#8221; gutter_size=&#8221;3&#8243; overlay_alpha=&#8221;50&#8243; medium_width=&#8221;0&#8243; mobile_width=&#8221;0&#8243; shift_x=&#8221;0&#8243; shift_y=&#8221;0&#8243; shift_y_down=&#8221;0&#8243; z_index=&#8221;0&#8243; width=&#8221;1\/3&#8243; el_class=&#8221;mp_animated-icons&#8221;][vc_icon icon_image=&#8221;195&#8243; link=&#8221;url:http%3A%2F%2Fwww.martipala.com%2Fservicios%2Fclimatizacion%2F|||&#8221; el_class=&#8221;mp_switch-icon2&#8243;][\/vc_icon][vc_icon icon_image=&#8221;194&#8243; link=&#8221;url:http%3A%2F%2Fwww.martipala.com%2Fservicios%2Fclimatizacion%2F|||&#8221; el_class=&#8221;mp_switch-icon1&#8243;][\/vc_icon][vc_custom_heading text_size=&#8221;h3&#8243;]Climatitzaci\u00f3[\/vc_custom_heading][vc_button size=&#8221;btn-lg&#8221; border_width=&#8221;0&#8243; link=&#8221;url:http%3A%2F%2Fwww.martipala.com%2Fservicios%2Fclimatizacion%2F|||&#8221;]Saber m\u00e9s[\/vc_button][\/vc_column_inner][vc_column_inner column_width_percent=&#8221;100&#8243; align_horizontal=&#8221;align_center&#8221; gutter_size=&#8221;3&#8243; overlay_alpha=&#8221;50&#8243; medium_width=&#8221;0&#8243; mobile_width=&#8221;0&#8243; shift_x=&#8221;0&#8243; shift_y=&#8221;0&#8243; shift_y_down=&#8221;0&#8243; z_index=&#8221;0&#8243; width=&#8221;1\/3&#8243; el_class=&#8221;mp_animated-icons&#8221;][vc_icon icon_image=&#8221;197&#8243; link=&#8221;url:http%3A%2F%2Fwww.martipala.com%2Fservicios%2Finstalaciones-electricas%2F|||&#8221; el_class=&#8221;mp_switch-icon2&#8243;][\/vc_icon][vc_icon icon_image=&#8221;196&#8243; link=&#8221;url:http%3A%2F%2Fwww.martipala.com%2Fservicios%2Finstalaciones-electricas%2F|||&#8221; el_class=&#8221;mp_switch-icon1&#8243;][\/vc_icon][vc_custom_heading text_size=&#8221;h3&#8243;]Instal\u00b7lacions el\u00e8ctriques[\/vc_custom_heading][vc_button size=&#8221;btn-lg&#8221; border_width=&#8221;0&#8243; link=&#8221;url:http%3A%2F%2Fwww.martipala.com%2Fservicios%2Finstalaciones-electricas%2F|||&#8221;]Saber m\u00e9s[\/vc_button][\/vc_column_inner][\/vc_row_inner][vc_row_inner row_inner_height_percent=&#8221;0&#8243; force_width_grid=&#8221;yes&#8221; overlay_alpha=&#8221;50&#8243; gutter_size=&#8221;3&#8243; shift_y=&#8221;0&#8243; z_index=&#8221;0&#8243;][vc_column_inner column_width_percent=&#8221;100&#8243; align_horizontal=&#8221;align_center&#8221; gutter_size=&#8221;3&#8243; overlay_alpha=&#8221;50&#8243; medium_width=&#8221;0&#8243; mobile_width=&#8221;0&#8243; shift_x=&#8221;0&#8243; shift_y=&#8221;0&#8243; shift_y_down=&#8221;0&#8243; z_index=&#8221;0&#8243; width=&#8221;1\/3&#8243; el_class=&#8221;mp_animated-icons&#8221;][vc_icon icon_image=&#8221;205&#8243; link=&#8221;url:http%3A%2F%2Fwww.martipala.com%2Fservicios%2Ftelecomunicaciones%2F|||&#8221; el_class=&#8221;mp_switch-icon2&#8243;][\/vc_icon][vc_icon icon_image=&#8221;204&#8243; link=&#8221;url:http%3A%2F%2Fwww.martipala.com%2Fservicios%2Ftelecomunicaciones%2F|||&#8221; el_class=&#8221;mp_switch-icon1&#8243;][\/vc_icon][vc_custom_heading text_size=&#8221;h3&#8243;]Telecomunicacions[\/vc_custom_heading][vc_button size=&#8221;btn-lg&#8221; border_width=&#8221;0&#8243; link=&#8221;url:http%3A%2F%2Fwww.martipala.com%2Fservicios%2Ftelecomunicaciones%2F|||&#8221;]Saber m\u00e9s[\/vc_button][\/vc_column_inner][vc_column_inner column_width_percent=&#8221;100&#8243; align_horizontal=&#8221;align_center&#8221; gutter_size=&#8221;3&#8243; overlay_alpha=&#8221;50&#8243; medium_width=&#8221;0&#8243; mobile_width=&#8221;0&#8243; shift_x=&#8221;0&#8243; shift_y=&#8221;0&#8243; shift_y_down=&#8221;0&#8243; z_index=&#8221;0&#8243; width=&#8221;1\/3&#8243; el_class=&#8221;mp_animated-icons&#8221;][vc_icon icon_image=&#8221;201&#8243; link=&#8221;url:http%3A%2F%2Fwww.martipala.com%2Fservicios%2Ffluidos-y-gas%2F|||&#8221; el_class=&#8221;mp_switch-icon2&#8243;][\/vc_icon][vc_icon icon_image=&#8221;200&#8243; link=&#8221;url:http%3A%2F%2Fwww.martipala.com%2Fservicios%2Ffluidos-y-gas%2F|||&#8221; el_class=&#8221;mp_switch-icon1&#8243;][\/vc_icon][vc_custom_heading text_size=&#8221;h3&#8243;]Fluids i gasos[\/vc_custom_heading][vc_button size=&#8221;btn-lg&#8221; border_width=&#8221;0&#8243; link=&#8221;url:http%3A%2F%2Fwww.martipala.com%2Fservicios%2Ffluidos-y-gas%2F|||&#8221;]Saber m\u00e9s[\/vc_button][\/vc_column_inner][vc_column_inner column_width_percent=&#8221;100&#8243; align_horizontal=&#8221;align_center&#8221; gutter_size=&#8221;3&#8243; overlay_alpha=&#8221;50&#8243; medium_width=&#8221;0&#8243; mobile_width=&#8221;0&#8243; shift_x=&#8221;0&#8243; shift_y=&#8221;0&#8243; shift_y_down=&#8221;0&#8243; z_index=&#8221;0&#8243; width=&#8221;1\/3&#8243; el_class=&#8221;mp_animated-icons&#8221;][vc_icon icon_image=&#8221;199&#8243; link=&#8221;url:http%3A%2F%2Fwww.martipala.com%2Fservicios%2Fenergias-renovables%2F|||&#8221; el_class=&#8221;mp_switch-icon2&#8243;][\/vc_icon][vc_icon icon_image=&#8221;198&#8243; link=&#8221;url:http%3A%2F%2Fwww.martipala.com%2Fservicios%2Fenergias-renovables%2F|||&#8221; el_class=&#8221;mp_switch-icon1&#8243;][\/vc_icon][vc_custom_heading text_size=&#8221;h3&#8243;]Energies renovables[\/vc_custom_heading][vc_button size=&#8221;btn-lg&#8221; border_width=&#8221;0&#8243; link=&#8221;url:http%3A%2F%2Fwww.martipala.com%2Fservicios%2Fenergias-renovables%2F|||&#8221;]Saber m\u00e9s[\/vc_button][\/vc_column_inner][\/vc_row_inner][\/vc_column][\/vc_row][vc_row row_height_percent=&#8221;0&#8243; override_padding=&#8221;yes&#8221; h_padding=&#8221;2&#8243; top_padding=&#8221;5&#8243; bottom_padding=&#8221;5&#8243; back_color=&#8221;color-147752&#8243; overlay_alpha=&#8221;50&#8243; gutter_size=&#8221;3&#8243; column_width_percent=&#8221;100&#8243; shift_y=&#8221;0&#8243; z_index=&#8221;0&#8243;][vc_column column_width_percent=&#8221;100&#8243; overlay_alpha=&#8221;50&#8243; gutter_size=&#8221;0&#8243; align_medium=&#8221;align_right_tablet&#8221; medium_width=&#8221;0&#8243; align_mobile=&#8221;align_center_mobile&#8221; mobile_width=&#8221;0&#8243; shift_x=&#8221;0&#8243; shift_y=&#8221;0&#8243; shift_y_down=&#8221;0&#8243; z_index=&#8221;0&#8243; width=&#8221;1\/2&#8243;][vc_single_image media=&#8221;946&#8243; media_width_percent=&#8221;100&#8243; el_class=&#8221;mp_right-shadow&#8221;][\/vc_column][vc_column column_width_percent=&#8221;100&#8243; overlay_alpha=&#8221;50&#8243; gutter_size=&#8221;2&#8243; medium_width=&#8221;0&#8243; mobile_width=&#8221;0&#8243; shift_x=&#8221;0&#8243; shift_y=&#8221;0&#8243; shift_y_down=&#8221;0&#8243; z_index=&#8221;0&#8243; width=&#8221;1\/2&#8243; el_class=&#8221;mp_padding-left&#8221;][vc_custom_heading text_size=&#8221;h5&#8243;]Creixement[\/vc_custom_heading][vc_custom_heading heading_semantic=&#8221;h3&#8243;]Creixent com a empresa i <strong>ampliant serveis<\/strong>[\/vc_custom_heading][vc_empty_space empty_h=&#8221;0&#8243;][vc_column_text]Aix\u00ed \u00e9s com una empresa que va n\u00e9ixer oferint els seus serveis com a enginyeria instal\u00b7ladora el\u00e8ctrica s&#8217;ha convertit, a for\u00e7a d&#8217;experi\u00e8ncia, en una enginyeria instal\u00b7ladora que abasta els principals sectors dins de les instal\u00b7lacions integrals.<\/p>\n<p>Marti\u00a0i Pala sobretot s\u00f3n persones i companys que comparteixen els seus coneixements i la seva experi\u00e8ncia amb l&#8217;objectiu com\u00fa de satisfer al client.[\/vc_column_text][\/vc_column][\/vc_row][vc_row row_height_percent=&#8221;0&#8243; override_padding=&#8221;yes&#8221; h_padding=&#8221;2&#8243; top_padding=&#8221;5&#8243; bottom_padding=&#8221;5&#8243; back_color=&#8221;color-xsdn&#8221; overlay_alpha=&#8221;50&#8243; gutter_size=&#8221;3&#8243; column_width_percent=&#8221;100&#8243; shift_y=&#8221;0&#8243; z_index=&#8221;0&#8243;][vc_column column_width_percent=&#8221;100&#8243; overlay_alpha=&#8221;50&#8243; gutter_size=&#8221;2&#8243; medium_width=&#8221;0&#8243; mobile_width=&#8221;0&#8243; shift_x=&#8221;0&#8243; shift_y=&#8221;0&#8243; shift_y_down=&#8221;0&#8243; z_index=&#8221;0&#8243; width=&#8221;1\/2&#8243; el_class=&#8221;mp_padding-right&#8221;][vc_custom_heading text_size=&#8221;h5&#8243;]Actualitat[\/vc_custom_heading][vc_custom_heading heading_semantic=&#8221;h3&#8243;]<strong>Garantia de servei<\/strong> i passi\u00f3 pel treball[\/vc_custom_heading][vc_empty_space empty_h=&#8221;0&#8243;][vc_column_text]Gr\u00e0cies al nostre departament d&#8217;enginyeria donem solucions pr\u00e0ctiques des d&#8217;una perspectiva anal\u00edtica.\u2028La nostra vocaci\u00f3 de servei i la dilatada experi\u00e8ncia que tenim en el sector, despr\u00e9s de gaireb\u00e9 un segle de vida, ens han portat a consolidar un projecte empresarial on continuem aportant coneixement i maduresa al m\u00f3n de les instal\u00b7lacions i el seu manteniment.\u00a0[\/vc_column_text][\/vc_column][vc_column column_width_percent=&#8221;100&#8243; align_horizontal=&#8221;align_right&#8221; overlay_alpha=&#8221;50&#8243; gutter_size=&#8221;0&#8243; align_medium=&#8221;align_right_tablet&#8221; medium_width=&#8221;0&#8243; align_mobile=&#8221;align_center_mobile&#8221; mobile_width=&#8221;0&#8243; shift_x=&#8221;0&#8243; shift_y=&#8221;0&#8243; shift_y_down=&#8221;0&#8243; z_index=&#8221;0&#8243; width=&#8221;1\/2&#8243;][vc_single_image media=&#8221;949&#8243; media_width_percent=&#8221;100&#8243; el_class=&#8221;mp_left-shadow mp_shadow-white&#8221;][\/vc_column][\/vc_row]<\/p>\n<\/div>","protected":false},"excerpt":{"rendered":"<p>[vc_row unlock_row_content=&#8221;yes&#8221; row_height_percent=&#8221;0&#8243; back_image=&#8221;938&#8243; back_repeat=&#8221;no-repeat&#8221; back_position=&#8221;center center&#8221; overlay_color=&#8221;color-jevc&#8221; overlay_alpha=&#8221;40&#8243; gutter_size=&#8221;3&#8243; column_width_percent=&#8221;100&#8243; border_color=&#8221;transparent&#8221; border_style=&#8221;solid&#8221; shift_y=&#8221;0&#8243; z_index=&#8221;0&#8243; row_height_pixel=&#8221;300&#8243; css=&#8221;.vc_custom_1543236693861{border-right-width: 36px !important;border-left-width: 36px [&hellip;]<\/p>\n","protected":false},"author":1,"featured_media":0,"parent":0,"menu_order":0,"comment_status":"closed","ping_status":"closed","template":"","meta":{"_joinchat":[],"footnotes":""},"class_list":["post-726","page","type-page","status-publish","hentry"],"_links":{"self":[{"href":"http:\/\/www.martipala.com\/ca\/wp-json\/wp\/v2\/pages\/726","targetHints":{"allow":["GET"]}}],"collection":[{"href":"http:\/\/www.martipala.com\/ca\/wp-json\/wp\/v2\/pages"}],"about":[{"href":"http:\/\/www.martipala.com\/ca\/wp-json\/wp\/v2\/types\/page"}],"author":[{"embeddable":true,"href":"http:\/\/www.martipala.com\/ca\/wp-json\/wp\/v2\/users\/1"}],"replies":[{"embeddable":true,"href":"http:\/\/www.martipala.com\/ca\/wp-json\/wp\/v2\/comments?post=726"}],"version-history":[{"count":0,"href":"http:\/\/www.martipala.com\/ca\/wp-json\/wp\/v2\/pages\/726\/revisions"}],"wp:attachment":[{"href":"http:\/\/www.martipala.com\/ca\/wp-json\/wp\/v2\/media?parent=726"}],"curies":[{"name":"wp","href":"https:\/\/api.w.org\/{rel}","templated":true}]}}